{"id":5662,"date":"2025-11-20T13:19:56","date_gmt":"2025-11-20T12:19:56","guid":{"rendered":"https:\/\/gremidellibrers.com\/new\/quienes-somos\/"},"modified":"2026-01-05T12:11:24","modified_gmt":"2026-01-05T11:11:24","slug":"quienes-somos","status":"publish","type":"page","link":"https:\/\/gremidellibrers.com\/es\/quienes-somos\/","title":{"rendered":"Qui\u00e9nes somos"},"content":{"rendered":"\n\n\t\t\tEl gremi<h1>Qui som<\/h1>\t\t\t\n\t<h3>\n\t\t\t\tEl Gremi de Llibrers de Val\u00e8ncia som una associaci\u00f3 professional amb <strong>m\u00e9s de quaranta anys de recorregut<\/strong>\n\t\t\t<\/h3>\n\t<p>Som membres de\u00a0<a href=\"https:\/\/www.cegal.es\/\" target=\"_blank\" rel=\"noopener noreferrer\"><strong>CEGAL<\/strong><\/a>\u00a0(Confederaci\u00f3n Espa\u00f1ola de Gremios y Asociaciones de Libreros) i estem integrats en\u00a0<b>CONFECOMER\u00c7 CV<\/b>.<\/p>\n\t<h3>\n\t\t\t\tEls nostres objectius s\u00f3n:\n\t\t\t<\/h3>\n\t\t\t<ul><li>Donar suport a les llibreries associades al Gremi de Llibrers de Val\u00e8ncia.<\/li><li>Promocionar les llibreries, els seus productes i els seus serveis.<\/li><li>Impulsar accions que potencien el llibre i la lectura.<\/li><li>Apropar el p\u00fablic potencial a les llibreries.<\/li><li>Facilitar l&#8217;acc\u00e9s dels llibrers i llibreres a nous espais per a l&#8217;ampliaci\u00f3 de la venda de llibres fora del propi comer\u00e7.<\/li><li>Potenciar la imatge de la llibreria com un comer\u00e7 especialitat que ofereix qualitat i serveis personalitzats.<\/li><li>Impulsar noves accions que donen visibilitat a les llibreries, als llibreter i llibreteres, i als seus serveis, afegint valor al comer\u00e7 del llibre.<\/li><\/ul>\t\n\n","protected":false},"excerpt":{"rendered":"<p>El gremi Qui som El Gremi de Llibrers de Val\u00e8ncia som una associaci\u00f3 professional amb m\u00e9s de quaranta anys de recorregut Som membres de\u00a0CEGAL\u00a0(Confederaci\u00f3n Espa\u00f1ola de Gremios y Asociaciones de Libreros) i estem integrats en\u00a0CONFECOMER\u00c7 CV. Els nostres objectius s\u00f3n: Donar suport a les llibreries associades al Gremi de Llibrers de Val\u00e8ncia. Promocionar les llibreries,&hellip;<\/p>\n","protected":false},"author":1,"featured_media":0,"parent":0,"menu_order":0,"comment_status":"closed","ping_status":"closed","template":"","meta":{"_acf_changed":false,"footnotes":""},"class_list":["post-5662","page","type-page","status-publish","hentry"],"acf":[],"yoast_head":"<!-- This site is optimized with the Yoast SEO plugin v26.6 - https:\/\/yoast.com\/wordpress\/plugins\/seo\/ -->\n<title>Qui\u00e9nes somos - Gremi de Llibrers<\/title>\n<meta name=\"robots\" content=\"index, follow, max-snippet:-1, max-image-preview:large, max-video-preview:-1\" \/>\n<link rel=\"canonical\" href=\"https:\/\/gremidellibrers.com\/es\/quienes-somos\/\" \/>\n<meta property=\"og:locale\" content=\"es_ES\" \/>\n<meta property=\"og:type\" content=\"article\" \/>\n<meta property=\"og:title\" content=\"Qui\u00e9nes somos - Gremi de Llibrers\" \/>\n<meta property=\"og:description\" content=\"El gremi Qui som El Gremi de Llibrers de Val\u00e8ncia som una associaci\u00f3 professional amb m\u00e9s de quaranta anys de recorregut Som membres de\u00a0CEGAL\u00a0(Confederaci\u00f3n Espa\u00f1ola de Gremios y Asociaciones de Libreros) i estem integrats en\u00a0CONFECOMER\u00c7 CV. Els nostres objectius s\u00f3n: Donar suport a les llibreries associades al Gremi de Llibrers de Val\u00e8ncia. Promocionar les llibreries,&hellip;\" \/>\n<meta property=\"og:url\" content=\"https:\/\/gremidellibrers.com\/es\/quienes-somos\/\" \/>\n<meta property=\"og:site_name\" content=\"Gremi de Llibrers\" \/>\n<meta property=\"article:modified_time\" content=\"2026-01-05T11:11:24+00:00\" \/>\n<meta name=\"twitter:card\" content=\"summary_large_image\" \/>\n<meta name=\"twitter:label1\" content=\"Tiempo de lectura\" \/>\n\t<meta name=\"twitter:data1\" content=\"1 minuto\" \/>\n<script type=\"application\/ld+json\" class=\"yoast-schema-graph\">{\"@context\":\"https:\/\/schema.org\",\"@graph\":[{\"@type\":\"WebPage\",\"@id\":\"https:\/\/gremidellibrers.com\/es\/quienes-somos\/\",\"url\":\"https:\/\/gremidellibrers.com\/es\/quienes-somos\/\",\"name\":\"Qui\u00e9nes somos - Gremi de Llibrers\",\"isPartOf\":{\"@id\":\"https:\/\/gremidellibrers.com\/es\/#website\"},\"datePublished\":\"2025-11-20T12:19:56+00:00\",\"dateModified\":\"2026-01-05T11:11:24+00:00\",\"breadcrumb\":{\"@id\":\"https:\/\/gremidellibrers.com\/es\/quienes-somos\/#breadcrumb\"},\"inLanguage\":\"es\",\"potentialAction\":[{\"@type\":\"ReadAction\",\"target\":[\"https:\/\/gremidellibrers.com\/es\/quienes-somos\/\"]}]},{\"@type\":\"BreadcrumbList\",\"@id\":\"https:\/\/gremidellibrers.com\/es\/quienes-somos\/#breadcrumb\",\"itemListElement\":[{\"@type\":\"ListItem\",\"position\":1,\"name\":\"Home\",\"item\":\"https:\/\/gremidellibrers.com\/es\/\"},{\"@type\":\"ListItem\",\"position\":2,\"name\":\"Qui\u00e9nes somos\"}]},{\"@type\":\"WebSite\",\"@id\":\"https:\/\/gremidellibrers.com\/es\/#website\",\"url\":\"https:\/\/gremidellibrers.com\/es\/\",\"name\":\"Gremi de Llibrers\",\"description\":\"\",\"potentialAction\":[{\"@type\":\"SearchAction\",\"target\":{\"@type\":\"EntryPoint\",\"urlTemplate\":\"https:\/\/gremidellibrers.com\/es\/?s={search_term_string}\"},\"query-input\":{\"@type\":\"PropertyValueSpecification\",\"valueRequired\":true,\"valueName\":\"search_term_string\"}}],\"inLanguage\":\"es\"}]}<\/script>\n<!-- \/ Yoast SEO plugin. -->","yoast_head_json":{"title":"Qui\u00e9nes somos - Gremi de Llibrers","robots":{"index":"index","follow":"follow","max-snippet":"max-snippet:-1","max-image-preview":"max-image-preview:large","max-video-preview":"max-video-preview:-1"},"canonical":"https:\/\/gremidellibrers.com\/es\/quienes-somos\/","og_locale":"es_ES","og_type":"article","og_title":"Qui\u00e9nes somos - Gremi de Llibrers","og_description":"El gremi Qui som El Gremi de Llibrers de Val\u00e8ncia som una associaci\u00f3 professional amb m\u00e9s de quaranta anys de recorregut Som membres de\u00a0CEGAL\u00a0(Confederaci\u00f3n Espa\u00f1ola de Gremios y Asociaciones de Libreros) i estem integrats en\u00a0CONFECOMER\u00c7 CV. Els nostres objectius s\u00f3n: Donar suport a les llibreries associades al Gremi de Llibrers de Val\u00e8ncia. Promocionar les llibreries,&hellip;","og_url":"https:\/\/gremidellibrers.com\/es\/quienes-somos\/","og_site_name":"Gremi de Llibrers","article_modified_time":"2026-01-05T11:11:24+00:00","twitter_card":"summary_large_image","twitter_misc":{"Tiempo de lectura":"1 minuto"},"schema":{"@context":"https:\/\/schema.org","@graph":[{"@type":"WebPage","@id":"https:\/\/gremidellibrers.com\/es\/quienes-somos\/","url":"https:\/\/gremidellibrers.com\/es\/quienes-somos\/","name":"Qui\u00e9nes somos - Gremi de Llibrers","isPartOf":{"@id":"https:\/\/gremidellibrers.com\/es\/#website"},"datePublished":"2025-11-20T12:19:56+00:00","dateModified":"2026-01-05T11:11:24+00:00","breadcrumb":{"@id":"https:\/\/gremidellibrers.com\/es\/quienes-somos\/#breadcrumb"},"inLanguage":"es","potentialAction":[{"@type":"ReadAction","target":["https:\/\/gremidellibrers.com\/es\/quienes-somos\/"]}]},{"@type":"BreadcrumbList","@id":"https:\/\/gremidellibrers.com\/es\/quienes-somos\/#breadcrumb","itemListElement":[{"@type":"ListItem","position":1,"name":"Home","item":"https:\/\/gremidellibrers.com\/es\/"},{"@type":"ListItem","position":2,"name":"Qui\u00e9nes somos"}]},{"@type":"WebSite","@id":"https:\/\/gremidellibrers.com\/es\/#website","url":"https:\/\/gremidellibrers.com\/es\/","name":"Gremi de Llibrers","description":"","potentialAction":[{"@type":"SearchAction","target":{"@type":"EntryPoint","urlTemplate":"https:\/\/gremidellibrers.com\/es\/?s={search_term_string}"},"query-input":{"@type":"PropertyValueSpecification","valueRequired":true,"valueName":"search_term_string"}}],"inLanguage":"es"}]}},"_links":{"self":[{"href":"https:\/\/gremidellibrers.com\/es\/wp-json\/wp\/v2\/pages\/5662","targetHints":{"allow":["GET"]}}],"collection":[{"href":"https:\/\/gremidellibrers.com\/es\/wp-json\/wp\/v2\/pages"}],"about":[{"href":"https:\/\/gremidellibrers.com\/es\/wp-json\/wp\/v2\/types\/page"}],"author":[{"embeddable":true,"href":"https:\/\/gremidellibrers.com\/es\/wp-json\/wp\/v2\/users\/1"}],"replies":[{"embeddable":true,"href":"https:\/\/gremidellibrers.com\/es\/wp-json\/wp\/v2\/comments?post=5662"}],"version-history":[{"count":2,"href":"https:\/\/gremidellibrers.com\/es\/wp-json\/wp\/v2\/pages\/5662\/revisions"}],"predecessor-version":[{"id":7713,"href":"https:\/\/gremidellibrers.com\/es\/wp-json\/wp\/v2\/pages\/5662\/revisions\/7713"}],"wp:attachment":[{"href":"https:\/\/gremidellibrers.com\/es\/wp-json\/wp\/v2\/media?parent=5662"}],"curies":[{"name":"wp","href":"https:\/\/api.w.org\/{rel}","templated":true}]}}